{"id":392,"date":"2025-06-10T09:36:56","date_gmt":"2025-06-10T07:36:56","guid":{"rendered":"https:\/\/assenas.be\/?page_id=392"},"modified":"2025-09-23T21:21:05","modified_gmt":"2025-09-23T19:21:05","slug":"grand-colloque-du-1er-octobre-2025","status":"publish","type":"page","link":"https:\/\/assenas.be\/?page_id=392","title":{"rendered":"GRAND COLLOQUE DU 1ER OCTOBRE 2025"},"content":{"rendered":"\n<div class=\"wp-block-columns is-layout-flex wp-container-core-columns-is-layout-9d6595d7 wp-block-columns-is-layout-flex\">\n<div class=\"wp-block-column is-layout-flow wp-block-column-is-layout-flow\"><div class=\"wp-block-image\">\n<figure class=\"aligncenter size-full\"><img loading=\"lazy\" decoding=\"async\" width=\"328\" height=\"136\" src=\"http:\/\/assenas.be\/wp-content\/uploads\/2022\/03\/Image13.jpg\" alt=\"\" class=\"wp-image-78\" srcset=\"https:\/\/assenas.be\/wp-content\/uploads\/2022\/03\/Image13.jpg 328w, https:\/\/assenas.be\/wp-content\/uploads\/2022\/03\/Image13-300x124.jpg 300w\" sizes=\"auto, (max-width: 328px) 100vw, 328px\" \/><\/figure>\n<\/div><\/div>\n\n\n\n<div class=\"wp-block-column is-layout-flow wp-block-column-is-layout-flow\"><div class=\"wp-block-image\">\n<figure class=\"aligncenter size-full is-resized\"><img loading=\"lazy\" decoding=\"async\" width=\"203\" height=\"80\" src=\"http:\/\/assenas.be\/wp-content\/uploads\/2025\/06\/Fedexsol.png\" alt=\"\" class=\"wp-image-395\" style=\"width:228px;height:auto\"\/><\/figure>\n<\/div><\/div>\n\n\n\n<div class=\"wp-block-column is-layout-flow wp-block-column-is-layout-flow\"><div class=\"wp-block-image\">\n<figure class=\"aligncenter size-full is-resized\"><img loading=\"lazy\" decoding=\"async\" width=\"95\" height=\"122\" src=\"http:\/\/assenas.be\/wp-content\/uploads\/2025\/06\/Issep.png\" alt=\"\" class=\"wp-image-394\" style=\"width:91px;height:auto\"\/><\/figure>\n<\/div><\/div>\n<\/div>\n\n\n\n<p class=\"has-text-align-center\"><strong>en co-organisation avec<\/strong><\/p>\n\n\n<div class=\"wp-block-image\">\n<figure class=\"aligncenter size-full\"><img loading=\"lazy\" decoding=\"async\" width=\"217\" height=\"78\" src=\"http:\/\/assenas.be\/wp-content\/uploads\/2025\/06\/BruxellesEnv.png\" alt=\"\" class=\"wp-image-396\"\/><\/figure>\n<\/div>\n\n\n<p class=\"has-text-align-center has-medium-font-size\"><strong><em>Bruxelles Environnement (site de Tour &amp; Taxis)<\/em><\/strong><\/p>\n\n\n\n<hr class=\"wp-block-separator has-alpha-channel-opacity is-style-wide\"\/>\n\n\n\n<h2 class=\"wp-block-heading has-text-align-center has-vivid-green-cyan-color has-text-color has-link-color wp-elements-5a89a0c23baa3f72f4733dc02a364c9e\"><strong>Construisons ensemble le futur des sols&nbsp;:<\/strong><\/h2>\n\n\n\n<p class=\"has-text-align-center has-vivid-green-cyan-color has-text-color has-link-color has-medium-font-size wp-elements-28b7b3188f969ba50764f15795601347\"><strong>Technosols et n\u00e9osols, des alli\u00e9s pr\u00e9cieux <br>pour les sols naturels<\/strong><\/p>\n\n\n\n<hr class=\"wp-block-separator has-alpha-channel-opacity is-style-wide\"\/>\n\n\n\n<p><strong>Face aux d\u00e9fis urbains, climatiques et environnementaux, les technosols\/n\u00e9osols sont des leviers cl\u00e9s pour b\u00e2tir les sols de demain.<\/strong><\/p>\n\n\n\n<p>Ce colloque d\u2019une journ\u00e9e rassemblera les acteurs du secteur pour explorer les avanc\u00e9es techniques, r\u00e9glementaires et op\u00e9rationnelles li\u00e9es aux technosols et aux n\u00e9osols en Belgique.&nbsp; Chercheurs, entrepreneurs, experts sols, gestionnaires de sites et pouvoirs publics y partageront leurs exp\u00e9riences et leurs visions pour r\u00e9pondre aux enjeux de r\u00e9silience urbaine, de gestion des terres et de reconversion des friches.<\/p>\n\n\n\n<p><strong>Un \u00e9v\u00e9nement ancr\u00e9 dans la pratique, r\u00e9solument tourn\u00e9 vers l\u2019action&nbsp;!<\/strong><\/p>\n\n\n\n<div class=\"wp-block-file\"><a id=\"wp-block-file--media-50abf30a-0471-4509-9a12-e95046462fe1\" href=\"https:\/\/assenas.be\/wp-content\/uploads\/2025\/09\/Programme-Colloque-Neosols-Technosols.pdf\"><span style=\"font-size:18px;\">Programme<\/span><\/a><a href=\"https:\/\/assenas.be\/wp-content\/uploads\/2025\/09\/Programme-Colloque-Neosols-Technosols.pdf\" class=\"wp-block-file__button wp-element-button\" download aria-describedby=\"wp-block-file--media-50abf30a-0471-4509-9a12-e95046462fe1\">T\u00e9l\u00e9charger<\/a><\/div>\n\n\n\n<p><\/p>\n\n\n\n<p class=\"has-medium-font-size\">PAF :<\/p>\n\n\n\n<ul class=\"wp-block-list\">\n<li>395 \u20ac HTVA (477.95 \u20ac TVAC) par participant<\/li>\n<\/ul>\n\n\n\n<p><a href=\"https:\/\/docs.google.com\/forms\/d\/e\/1FAIpQLSfeut_szeRUHe-sNLcQFAmlEohhmpsyRz8twrFLFMsH-tfZfg\/viewform?usp=sf_link\" data-type=\"link\" data-id=\"https:\/\/docs.google.com\/forms\/d\/e\/1FAIpQLSfeut_szeRUHe-sNLcQFAmlEohhmpsyRz8twrFLFMsH-tfZfg\/viewform?usp=sf_link\">Formulaire d&rsquo;inscription<\/a><\/p>\n\n\n\n<p>Participez \u00e9galement \u00e0 notre <a href=\"https:\/\/docs.google.com\/forms\/d\/e\/1FAIpQLSfXU7M_qedY1ThCYbRxYPjEhlbjgb9-W2qRom9P-RDUnwNT4A\/viewform\" data-type=\"link\" data-id=\"https:\/\/docs.google.com\/forms\/d\/e\/1FAIpQLSfXU7M_qedY1ThCYbRxYPjEhlbjgb9-W2qRom9P-RDUnwNT4A\/viewform\">Grande enqu\u00eate sur les technosols et n\u00e9osols<\/a> .<\/p>\n\n\n\n<p>Contacts&nbsp;:<\/p>\n\n\n\n<ul class=\"wp-block-list\">\n<li>ASSENAS \u2013 Renaud De Rijdt <a href=\"mailto:info@assenas.be\">info@assenas.be<\/a><\/li>\n\n\n\n<li>FEDEXSOL \u2013 Louis Vandebroek <a href=\"mailto:louis.vandebroek@fedexsol.be\">louis.vandebroek@fedexsol.be<\/a>&nbsp;<\/li>\n\n\n\n<li>ISSEP \u2013 Simon Garzaniti <a href=\"mailto:s.garzaniti@issep.be\">s.garzaniti@issep.be<\/a>&nbsp;<\/li>\n<\/ul>\n\n\n\n<p><\/p>\n","protected":false},"excerpt":{"rendered":"<p>en co-organisation avec Bruxelles Environnement (site de Tour &amp; Taxis) Construisons ensemble le futur des sols&nbsp;: Technosols et n\u00e9osols, des alli\u00e9s pr\u00e9cieux pour les sols naturels Face aux d\u00e9fis urbains, climatiques et environnementaux, les technosols\/n\u00e9osols sont des leviers cl\u00e9s pour b\u00e2tir les sols de demain. Ce colloque d\u2019une journ\u00e9e rassemblera les acteurs du secteur pour [&hellip;]<\/p>\n","protected":false},"author":1,"featured_media":0,"parent":0,"menu_order":0,"comment_status":"closed","ping_status":"closed","template":"","meta":{"footnotes":""},"class_list":["post-392","page","type-page","status-publish","hentry"],"_links":{"self":[{"href":"https:\/\/assenas.be\/index.php?rest_route=\/wp\/v2\/pages\/392","targetHints":{"allow":["GET"]}}],"collection":[{"href":"https:\/\/assenas.be\/index.php?rest_route=\/wp\/v2\/pages"}],"about":[{"href":"https:\/\/assenas.be\/index.php?rest_route=\/wp\/v2\/types\/page"}],"author":[{"embeddable":true,"href":"https:\/\/assenas.be\/index.php?rest_route=\/wp\/v2\/users\/1"}],"replies":[{"embeddable":true,"href":"https:\/\/assenas.be\/index.php?rest_route=%2Fwp%2Fv2%2Fcomments&post=392"}],"version-history":[{"count":12,"href":"https:\/\/assenas.be\/index.php?rest_route=\/wp\/v2\/pages\/392\/revisions"}],"predecessor-version":[{"id":440,"href":"https:\/\/assenas.be\/index.php?rest_route=\/wp\/v2\/pages\/392\/revisions\/440"}],"wp:attachment":[{"href":"https:\/\/assenas.be\/index.php?rest_route=%2Fwp%2Fv2%2Fmedia&parent=392"}],"curies":[{"name":"wp","href":"https:\/\/api.w.org\/{rel}","templated":true}]}}