{"id":328,"date":"2024-08-05T21:14:59","date_gmt":"2024-08-05T19:14:59","guid":{"rendered":"https:\/\/assenas.be\/?page_id=328"},"modified":"2024-09-03T14:18:26","modified_gmt":"2024-09-03T12:18:26","slug":"egsw-colloque-detat-des-lieux-du-18-avril-2023-a-namur","status":"publish","type":"page","link":"https:\/\/assenas.be\/?page_id=328","title":{"rendered":"Colloque Etat des lieux du 18 avril 2023 \u00e0 Namur"},"content":{"rendered":"\n<p>Horaire de l\u2019Etat des lieux initial:<\/p>\n\n\n\n<ul class=\"wp-block-list\">\n<li>13h-13h30 &nbsp;&nbsp;&nbsp;&nbsp;&nbsp;&nbsp;&nbsp;Accueil<\/li>\n\n\n\n<li>13h30-13h45&nbsp; &nbsp; Ouverture des travaux par Mme B\u00e9n\u00e9dicte Heindrichs, Directrice G\u00e9n\u00e9rale SPW-ARNE<\/li>\n\n\n\n<li>13h45-14h00&nbsp; &nbsp; Pr\u00e9sentation du fil conducteur, Assenas-Fedexsol<\/li>\n\n\n\n<li>14h00-15h00&nbsp;&nbsp;&nbsp;&nbsp;Pr\u00e9sentation des acteurs publics:&nbsp;SPW-ARNE (DSD, DPA), SPW-TLPE, UVCW, etc.<\/li>\n\n\n\n<li>15h00-15h30&nbsp;&nbsp;&nbsp;&nbsp;Atelier\/discussion<\/li>\n\n\n\n<li>15h30-16h00&nbsp; &nbsp; Pause<\/li>\n\n\n\n<li>16h00-17h00&nbsp; &nbsp; Pr\u00e9sentation des acteurs priv\u00e9s (ASSENAS, BRACA, FEDEXSOL, UPSI, SPAQUE)<\/li>\n\n\n\n<li>17h00-17h30&nbsp; &nbsp; Atelier\/discussion<\/li>\n\n\n\n<li>17h30-18h00&nbsp; &nbsp; Restitution et constitution des futurs ateliers et mot de cl\u00f4ture par Mr Marc Degaute, WE \u2013 Reconversion des sites<\/li>\n\n\n\n<li>18h00-19h00\u00a0\u00a0\u00a0 Ap\u00e9ro<\/li>\n\n\n\n<li>19h00&nbsp;&nbsp;&nbsp;&nbsp;&nbsp;&nbsp;&nbsp;&nbsp;&nbsp;&nbsp;&nbsp;&nbsp;&nbsp;&nbsp;&nbsp;Repas buffet convivial<\/li>\n<\/ul>\n\n\n\n<p>Vous trouverez ci-dessous les les expos\u00e9s relatifs au Colloque d&rsquo;ouverture des Etats G\u00e9n\u00e9raux des sols wallons de 2023, qui a regroup\u00e9 130 personnes .<\/p>\n\n\n\n<div class=\"wp-block-file\"><a id=\"wp-block-file--media-4a5d6f57-9a97-4568-ba55-dfb9a58f3539\" href=\"https:\/\/assenas.be\/wp-content\/uploads\/2024\/09\/02-Etats-generaux-sols-Fil-conducteur-18.04.2023.pdf\">02 Etats g\u00e9n\u00e9raux sols Fil conducteur 18.04.2023<\/a><a href=\"https:\/\/assenas.be\/wp-content\/uploads\/2024\/09\/02-Etats-generaux-sols-Fil-conducteur-18.04.2023.pdf\" class=\"wp-block-file__button wp-element-button\" download aria-describedby=\"wp-block-file--media-4a5d6f57-9a97-4568-ba55-dfb9a58f3539\">T\u00e9l\u00e9charger<\/a><\/div>\n\n\n\n<div class=\"wp-block-file\"><a id=\"wp-block-file--media-176ae825-c0de-4fe7-a6e6-828d2ba324e0\" href=\"https:\/\/assenas.be\/wp-content\/uploads\/2024\/08\/03-Etats-generaux-sols-DAS-DPS-18.04.2023.pdf\">03 Etats g\u00e9n\u00e9raux sols DAS-DPS 18.04.2023<\/a><a href=\"https:\/\/assenas.be\/wp-content\/uploads\/2024\/08\/03-Etats-generaux-sols-DAS-DPS-18.04.2023.pdf\" class=\"wp-block-file__button wp-element-button\" download aria-describedby=\"wp-block-file--media-176ae825-c0de-4fe7-a6e6-828d2ba324e0\">T\u00e9l\u00e9charger<\/a><\/div>\n\n\n\n<div class=\"wp-block-file\"><a id=\"wp-block-file--media-91069d1d-11bf-4c60-b4f4-5c4d5909e99f\" href=\"https:\/\/assenas.be\/wp-content\/uploads\/2024\/08\/04-Etats-generaux-des-sols-DPA_avril-2023.pdf\">04 Etats generaux des sols DPA_avril 2023<\/a><a href=\"https:\/\/assenas.be\/wp-content\/uploads\/2024\/08\/04-Etats-generaux-des-sols-DPA_avril-2023.pdf\" class=\"wp-block-file__button wp-element-button\" download aria-describedby=\"wp-block-file--media-91069d1d-11bf-4c60-b4f4-5c4d5909e99f\">T\u00e9l\u00e9charger<\/a><\/div>\n\n\n\n<div class=\"wp-block-file\"><a id=\"wp-block-file--media-f062d02a-613d-4b71-843a-4ac44da4ace4\" href=\"https:\/\/assenas.be\/wp-content\/uploads\/2024\/08\/05-Etats-generaux-des-sols-DAOV-18-avril-2023.pdf\">05 Etats g\u00e9n\u00e9raux des sols DAOV 18 avril 2023<\/a><a href=\"https:\/\/assenas.be\/wp-content\/uploads\/2024\/08\/05-Etats-generaux-des-sols-DAOV-18-avril-2023.pdf\" class=\"wp-block-file__button wp-element-button\" download aria-describedby=\"wp-block-file--media-f062d02a-613d-4b71-843a-4ac44da4ace4\">T\u00e9l\u00e9charger<\/a><\/div>\n\n\n\n<div class=\"wp-block-file\"><a id=\"wp-block-file--media-3e4b4127-d8c2-4554-a608-109724da37bb\" href=\"https:\/\/assenas.be\/wp-content\/uploads\/2024\/08\/06-Etats-generaux-sols-UVCW-18.04.2023.pdf\">06 Etats g\u00e9n\u00e9raux sols UVCW 18.04.2023<\/a><a href=\"https:\/\/assenas.be\/wp-content\/uploads\/2024\/08\/06-Etats-generaux-sols-UVCW-18.04.2023.pdf\" class=\"wp-block-file__button wp-element-button\" download aria-describedby=\"wp-block-file--media-3e4b4127-d8c2-4554-a608-109724da37bb\">T\u00e9l\u00e9charger<\/a><\/div>\n\n\n\n<div class=\"wp-block-file\"><a id=\"wp-block-file--media-ce0b7930-fa9b-4468-a782-c8158a04ca13\" href=\"https:\/\/assenas.be\/wp-content\/uploads\/2024\/08\/07-Etats-generaux-sols-Spaque-18.04.2023.pdf\">07 Etats g\u00e9n\u00e9raux sols Spaque 18.04.2023<\/a><a href=\"https:\/\/assenas.be\/wp-content\/uploads\/2024\/08\/07-Etats-generaux-sols-Spaque-18.04.2023.pdf\" class=\"wp-block-file__button wp-element-button\" download aria-describedby=\"wp-block-file--media-ce0b7930-fa9b-4468-a782-c8158a04ca13\">T\u00e9l\u00e9charger<\/a><\/div>\n\n\n\n<div class=\"wp-block-file\"><a id=\"wp-block-file--media-d45f90c2-a2e8-4843-a021-650b80071418\" href=\"https:\/\/assenas.be\/wp-content\/uploads\/2024\/08\/08-Etats-generaux-sols-ASSENAS-18.04.2023.pdf\">08 Etats g\u00e9n\u00e9raux sols ASSENAS 18.04.2023<\/a><a href=\"https:\/\/assenas.be\/wp-content\/uploads\/2024\/08\/08-Etats-generaux-sols-ASSENAS-18.04.2023.pdf\" class=\"wp-block-file__button wp-element-button\" download aria-describedby=\"wp-block-file--media-d45f90c2-a2e8-4843-a021-650b80071418\">T\u00e9l\u00e9charger<\/a><\/div>\n\n\n\n<div class=\"wp-block-file\"><a id=\"wp-block-file--media-3eb238b9-f0c9-4ea3-b611-aa539e4d6506\" href=\"https:\/\/assenas.be\/wp-content\/uploads\/2024\/08\/09-Etats-generaux-sols-BRACA-18.04.2023.pdf\">09 Etats g\u00e9n\u00e9raux sols BRACA 18.04.2023<\/a><a href=\"https:\/\/assenas.be\/wp-content\/uploads\/2024\/08\/09-Etats-generaux-sols-BRACA-18.04.2023.pdf\" class=\"wp-block-file__button wp-element-button\" download aria-describedby=\"wp-block-file--media-3eb238b9-f0c9-4ea3-b611-aa539e4d6506\">T\u00e9l\u00e9charger<\/a><\/div>\n\n\n\n<div class=\"wp-block-file\"><a id=\"wp-block-file--media-47ca96f8-9f46-4dbc-9be7-47b4bddb8a44\" href=\"https:\/\/assenas.be\/wp-content\/uploads\/2024\/08\/10-Etats-generaux-sols-Fedexsol18.04.2023.pdf\">10 Etats g\u00e9n\u00e9raux sols Fedexsol18.04.2023<\/a><a href=\"https:\/\/assenas.be\/wp-content\/uploads\/2024\/08\/10-Etats-generaux-sols-Fedexsol18.04.2023.pdf\" class=\"wp-block-file__button wp-element-button\" download aria-describedby=\"wp-block-file--media-47ca96f8-9f46-4dbc-9be7-47b4bddb8a44\">T\u00e9l\u00e9charger<\/a><\/div>\n\n\n\n<div class=\"wp-block-file\"><a id=\"wp-block-file--media-b09f7acf-ebf4-454b-955f-93917ff305d2\" href=\"https:\/\/assenas.be\/wp-content\/uploads\/2024\/08\/11-Etats-generaux-sols-UPSI-18.04.2023.pdf\">11 Etats g\u00e9n\u00e9raux sols UPSI 18.04.2023<\/a><a href=\"https:\/\/assenas.be\/wp-content\/uploads\/2024\/08\/11-Etats-generaux-sols-UPSI-18.04.2023.pdf\" class=\"wp-block-file__button wp-element-button\" download aria-describedby=\"wp-block-file--media-b09f7acf-ebf4-454b-955f-93917ff305d2\">T\u00e9l\u00e9charger<\/a><\/div>\n\n\n\n<div class=\"wp-block-file\"><a id=\"wp-block-file--media-cc361b09-a27f-4495-bb28-3419616eb6a7\" href=\"https:\/\/assenas.be\/wp-content\/uploads\/2024\/09\/12-Etats-generaux-sols-WE-18.04.2023.pdf\">12 Etats g\u00e9n\u00e9raux sols WE 18.04.2023<\/a><a href=\"https:\/\/assenas.be\/wp-content\/uploads\/2024\/09\/12-Etats-generaux-sols-WE-18.04.2023.pdf\" class=\"wp-block-file__button wp-element-button\" download aria-describedby=\"wp-block-file--media-cc361b09-a27f-4495-bb28-3419616eb6a7\">T\u00e9l\u00e9charger<\/a><\/div>\n\n\n\n<div class=\"wp-block-file\"><a id=\"wp-block-file--media-f06890a6-a506-4039-b002-4760bd6d3240\" href=\"https:\/\/assenas.be\/wp-content\/uploads\/2024\/08\/13-Etats-generaux-sols-Restitution-18.04.2023.pdf\">13 Etats g\u00e9n\u00e9raux sols Restitution 18.04.2023<\/a><a href=\"https:\/\/assenas.be\/wp-content\/uploads\/2024\/08\/13-Etats-generaux-sols-Restitution-18.04.2023.pdf\" class=\"wp-block-file__button wp-element-button\" download aria-describedby=\"wp-block-file--media-f06890a6-a506-4039-b002-4760bd6d3240\">T\u00e9l\u00e9charger<\/a><\/div>\n","protected":false},"excerpt":{"rendered":"<p>Horaire de l\u2019Etat des lieux initial: Vous trouverez ci-dessous les les expos\u00e9s relatifs au Colloque d&rsquo;ouverture des Etats G\u00e9n\u00e9raux des sols wallons de 2023, qui a regroup\u00e9 130 personnes .<\/p>\n","protected":false},"author":1,"featured_media":0,"parent":0,"menu_order":0,"comment_status":"closed","ping_status":"closed","template":"","meta":{"footnotes":""},"class_list":["post-328","page","type-page","status-publish","hentry"],"_links":{"self":[{"href":"https:\/\/assenas.be\/index.php?rest_route=\/wp\/v2\/pages\/328","targetHints":{"allow":["GET"]}}],"collection":[{"href":"https:\/\/assenas.be\/index.php?rest_route=\/wp\/v2\/pages"}],"about":[{"href":"https:\/\/assenas.be\/index.php?rest_route=\/wp\/v2\/types\/page"}],"author":[{"embeddable":true,"href":"https:\/\/assenas.be\/index.php?rest_route=\/wp\/v2\/users\/1"}],"replies":[{"embeddable":true,"href":"https:\/\/assenas.be\/index.php?rest_route=%2Fwp%2Fv2%2Fcomments&post=328"}],"version-history":[{"count":8,"href":"https:\/\/assenas.be\/index.php?rest_route=\/wp\/v2\/pages\/328\/revisions"}],"predecessor-version":[{"id":389,"href":"https:\/\/assenas.be\/index.php?rest_route=\/wp\/v2\/pages\/328\/revisions\/389"}],"wp:attachment":[{"href":"https:\/\/assenas.be\/index.php?rest_route=%2Fwp%2Fv2%2Fmedia&parent=328"}],"curies":[{"name":"wp","href":"https:\/\/api.w.org\/{rel}","templated":true}]}}